{"id":181,"date":"2017-09-08T23:12:40","date_gmt":"2017-09-08T23:12:40","guid":{"rendered":"http:\/\/eichhorns-unterwegs.de\/?page_id=181"},"modified":"2018-02-20T17:03:46","modified_gmt":"2018-02-20T17:03:46","slug":"ueber-uns","status":"publish","type":"page","link":"https:\/\/eichhorns-unterwegs.de\/?page_id=181","title":{"rendered":"\u00dcBER UNS"},"content":{"rendered":"<p>[et_pb_section admin_label=&#8220;section&#8220;][et_pb_row admin_label=&#8220;row&#8220;][et_pb_column type=&#8220;4_4&#8243;][et_pb_text admin_label=&#8220;Text&#8220; background_layout=&#8220;light&#8220; text_orientation=&#8220;left&#8220; use_border_color=&#8220;off&#8220; border_color=&#8220;#ffffff&#8220; border_style=&#8220;solid&#8220;]<\/p>\n<p>Wir halten an unserer vor \u00fcber 20 Jahren gefassten Lebensplanung fest und machen uns wieder auf den Weg, die Welt zu erkunden. Sieben Jahre sind seit dem letzten Sabbatjahr vergangen. \u00a0Anfang August 2017 tauschen wir Schulrucksack, B\u00fcrotasche, Bluse, Unterrichtsvorbereitungen, Konferenzen, Personalplanung \u00a0und einen prall gef\u00fcllten Terminkalender gegen Rucksack, Freizeitkleidung, viele Ideen und Pl\u00e4ne und vor allem &#8211; Zeit f\u00fcr uns.<\/p>\n<p>11bis 12 Monate wollen wir unterwegs sein. Auf der Agenda steht zun\u00e4chst mal die USA, dann Franz. Polynesien, Mittelamerika und Afrika. So ist der Plan &#8211; der l\u00e4sst viel Raum f\u00fcr Spontaneit\u00e4t, Ideen und Anregungen, die auf dem Weg entstehen.<\/p>\n<p>Wir freuen uns auf viele neue Eindr\u00fccke, beeindruckende Erlebnisse, gute Begegnungen und Zeit, uns treiben zu lassen.<\/p>\n<p>[\/et_pb_text][et_pb_text admin_label=&#8220;Text&#8220; background_layout=&#8220;light&#8220; text_orientation=&#8220;left&#8220; use_border_color=&#8220;off&#8220; border_color=&#8220;#ffffff&#8220; border_style=&#8220;solid&#8220;]<\/p>\n<div data-carousel-extra='{\"blog_id\":1,\"permalink\":\"https:\\\/\\\/eichhorns-unterwegs.de\\\/?page_id=181\"}' class=\"tiled-gallery type-rectangular\" data-original-width=\"1080\"><div class=\"gallery-row\" style=\"width: 1075px; height: 709px;\"><div class=\"gallery-group images-1\" style=\"width: 1075px; height: 713px;\"><div class=\"tiled-gallery-item tiled-gallery-item-large\"><a href=\"https:\/\/eichhorns-unterwegs.de\/wp-content\/uploads\/2018\/02\/\u00fcber-uns.jpg\" data-gallery><img data-attachment-id=\"1222\" data-orig-file=\"https:\/\/eichhorns-unterwegs.de\/wp-content\/uploads\/2018\/02\/\u00fcber-uns.jpg\" data-orig-size=\"1590,1052\" data-comments-opened=\"1\" data-image-meta=\"{&quot;aperture&quot;:&quot;2.8&quot;,&quot;credit&quot;:&quot;&quot;,&quot;camera&quot;:&quot;DMC-FZ200&quot;,&quot;caption&quot;:&quot;&quot;,&quot;created_timestamp&quot;:&quot;1505490288&quot;,&quot;copyright&quot;:&quot;&quot;,&quot;focal_length&quot;:&quot;9.4&quot;,&quot;iso&quot;:&quot;100&quot;,&quot;shutter_speed&quot;:&quot;0.0125&quot;,&quot;title&quot;:&quot;&quot;,&quot;orientation&quot;:&quot;1&quot;}\" data-image-title=\"\u00fcber uns\" data-image-description=\"\" data-medium-file=\"https:\/\/eichhorns-unterwegs.de\/wp-content\/uploads\/2018\/02\/\u00fcber-uns-300x198.jpg\" data-large-file=\"https:\/\/eichhorns-unterwegs.de\/wp-content\/uploads\/2018\/02\/\u00fcber-uns-1024x678.jpg\" src=\"https:\/\/eichhorns-unterwegs.de\/wp-content\/uploads\/2018\/02\/\u00fcber-uns-1071x709.jpg\" width=\"1071\" height=\"709\" align=\"left\" title=\"\u00fcber uns\" \/><\/a><\/div><\/div><\/div><\/div>\n<p>[\/et_pb_text][\/et_pb_column][\/et_pb_row][\/et_pb_section]<\/p>\n","protected":false},"excerpt":{"rendered":"<p>[et_pb_section admin_label=&#8220;section&#8220;][et_pb_row admin_label=&#8220;row&#8220;][et_pb_column type=&#8220;4_4&#8243;][et_pb_text admin_label=&#8220;Text&#8220; background_layout=&#8220;light&#8220; text_orientation=&#8220;left&#8220; use_border_color=&#8220;off&#8220; border_color=&#8220;#ffffff&#8220; border_style=&#8220;solid&#8220;] Wir halten an unserer vor \u00fcber 20 Jahren gefassten Lebensplanung fest und machen uns wieder auf den Weg, die Welt zu erkunden. Sieben Jahre sind seit dem letzten Sabbatjahr vergangen. \u00a0Anfang August 2017 tauschen wir Schulrucksack, B\u00fcrotasche, Bluse, Unterrichtsvorbereitungen, Konferenzen, Personalplanung \u00a0und einen prall gef\u00fcllten [&hellip;]<\/p>\n","protected":false},"author":1,"featured_media":543,"parent":0,"menu_order":0,"comment_status":"closed","ping_status":"closed","template":"","meta":[],"aioseo_notices":[],"_links":{"self":[{"href":"https:\/\/eichhorns-unterwegs.de\/index.php?rest_route=\/wp\/v2\/pages\/181"}],"collection":[{"href":"https:\/\/eichhorns-unterwegs.de\/index.php?rest_route=\/wp\/v2\/pages"}],"about":[{"href":"https:\/\/eichhorns-unterwegs.de\/index.php?rest_route=\/wp\/v2\/types\/page"}],"author":[{"embeddable":true,"href":"https:\/\/eichhorns-unterwegs.de\/index.php?rest_route=\/wp\/v2\/users\/1"}],"replies":[{"embeddable":true,"href":"https:\/\/eichhorns-unterwegs.de\/index.php?rest_route=%2Fwp%2Fv2%2Fcomments&post=181"}],"version-history":[{"count":3,"href":"https:\/\/eichhorns-unterwegs.de\/index.php?rest_route=\/wp\/v2\/pages\/181\/revisions"}],"predecessor-version":[{"id":1223,"href":"https:\/\/eichhorns-unterwegs.de\/index.php?rest_route=\/wp\/v2\/pages\/181\/revisions\/1223"}],"wp:featuredmedia":[{"embeddable":true,"href":"https:\/\/eichhorns-unterwegs.de\/index.php?rest_route=\/wp\/v2\/media\/543"}],"wp:attachment":[{"href":"https:\/\/eichhorns-unterwegs.de\/index.php?rest_route=%2Fwp%2Fv2%2Fmedia&parent=181"}],"curies":[{"name":"wp","href":"https:\/\/api.w.org\/{rel}","templated":true}]}}