{"id":45,"date":"2017-03-05T10:33:25","date_gmt":"2017-03-05T10:33:25","guid":{"rendered":"http:\/\/eichhorns-unterwegs.de\/?page_id=45"},"modified":"2018-08-26T12:58:34","modified_gmt":"2018-08-26T12:58:34","slug":"kontakt","status":"publish","type":"page","link":"https:\/\/eichhorns-unterwegs.de\/?page_id=45","title":{"rendered":"KONTAKT"},"content":{"rendered":"<p>[et_pb_section admin_label=&#8220;section&#8220; fullwidth=&#8220;on&#8220; specialty=&#8220;off&#8220;][et_pb_fullwidth_image admin_label=&#8220;Volle Breite des Bildes&#8220; show_in_lightbox=&#8220;off&#8220; url_new_window=&#8220;off&#8220; use_overlay=&#8220;off&#8220; animation=&#8220;left&#8220; use_border_color=&#8220;off&#8220; border_color=&#8220;#ffffff&#8220; border_style=&#8220;solid&#8220; src=&#8220;http:\/\/eichhorns-unterwegs.de\/wp-content\/uploads\/2018\/03\/mig64.jpg&#8220;] [\/et_pb_fullwidth_image][\/et_pb_section][et_pb_section admin_label=&#8220;section&#8220; fullwidth=&#8220;off&#8220;][et_pb_row admin_label=&#8220;row&#8220;][et_pb_column type=&#8220;2_3&#8243;][et_pb_contact_form admin_label=&#8220;Contact Form&#8220; captcha=&#8220;off&#8220; title=&#8220;Get In Touch&#8220;]<br \/>\n[\/et_pb_contact_form][\/et_pb_column][et_pb_column type=&#8220;1_3&#8243;][et_pb_text admin_label=&#8220;Text&#8220; background_layout=&#8220;light&#8220; text_orientation=&#8220;left&#8220; use_border_color=&#8220;off&#8220; border_color=&#8220;#ffffff&#8220; border_style=&#8220;solid&#8220;]<\/p>\n<p>Sch\u00f6n, dass Du uns auf unserer Seite besuchst und virtuell mit uns unterwegs bist. Wir freuen uns immer \u00fcber Nachrichten und Gr\u00fc\u00dfe aus aller Welt. Falls Du Fragen oder Anregungen hast &#8211; nimm einfach Kontakt mit uns auf.<\/p>\n<p>Herzlichst<\/p>\n<p>Ellen und Thomas<\/p>\n<p>&nbsp;<\/p>\n<p>[\/et_pb_text][\/et_pb_column][\/et_pb_row][\/et_pb_section]<\/p>\n","protected":false},"excerpt":{"rendered":"<p>[et_pb_section admin_label=&#8220;section&#8220; fullwidth=&#8220;on&#8220; specialty=&#8220;off&#8220;][et_pb_fullwidth_image admin_label=&#8220;Volle Breite des Bildes&#8220; show_in_lightbox=&#8220;off&#8220; url_new_window=&#8220;off&#8220; use_overlay=&#8220;off&#8220; animation=&#8220;left&#8220; use_border_color=&#8220;off&#8220; border_color=&#8220;#ffffff&#8220; border_style=&#8220;solid&#8220; src=&#8220;http:\/\/eichhorns-unterwegs.de\/wp-content\/uploads\/2018\/03\/mig64.jpg&#8220;] [\/et_pb_fullwidth_image][\/et_pb_section][et_pb_section admin_label=&#8220;section&#8220; fullwidth=&#8220;off&#8220;][et_pb_row admin_label=&#8220;row&#8220;][et_pb_column type=&#8220;2_3&#8243;][et_pb_contact_form admin_label=&#8220;Contact Form&#8220; captcha=&#8220;off&#8220; title=&#8220;Get In Touch&#8220;] [\/et_pb_contact_form][\/et_pb_column][et_pb_column type=&#8220;1_3&#8243;][et_pb_text admin_label=&#8220;Text&#8220; background_layout=&#8220;light&#8220; text_orientation=&#8220;left&#8220; use_border_color=&#8220;off&#8220; border_color=&#8220;#ffffff&#8220; border_style=&#8220;solid&#8220;] Sch\u00f6n, dass Du uns auf unserer Seite besuchst und virtuell mit uns unterwegs bist. Wir freuen uns immer \u00fcber Nachrichten [&hellip;]<\/p>\n","protected":false},"author":1,"featured_media":0,"parent":0,"menu_order":0,"comment_status":"closed","ping_status":"closed","template":"","meta":[],"aioseo_notices":[],"_links":{"self":[{"href":"https:\/\/eichhorns-unterwegs.de\/index.php?rest_route=\/wp\/v2\/pages\/45"}],"collection":[{"href":"https:\/\/eichhorns-unterwegs.de\/index.php?rest_route=\/wp\/v2\/pages"}],"about":[{"href":"https:\/\/eichhorns-unterwegs.de\/index.php?rest_route=\/wp\/v2\/types\/page"}],"author":[{"embeddable":true,"href":"https:\/\/eichhorns-unterwegs.de\/index.php?rest_route=\/wp\/v2\/users\/1"}],"replies":[{"embeddable":true,"href":"https:\/\/eichhorns-unterwegs.de\/index.php?rest_route=%2Fwp%2Fv2%2Fcomments&post=45"}],"version-history":[{"count":5,"href":"https:\/\/eichhorns-unterwegs.de\/index.php?rest_route=\/wp\/v2\/pages\/45\/revisions"}],"predecessor-version":[{"id":1822,"href":"https:\/\/eichhorns-unterwegs.de\/index.php?rest_route=\/wp\/v2\/pages\/45\/revisions\/1822"}],"wp:attachment":[{"href":"https:\/\/eichhorns-unterwegs.de\/index.php?rest_route=%2Fwp%2Fv2%2Fmedia&parent=45"}],"curies":[{"name":"wp","href":"https:\/\/api.w.org\/{rel}","templated":true}]}}